{"id":5035,"date":"2025-07-27T20:40:40","date_gmt":"2025-07-27T20:40:40","guid":{"rendered":"https:\/\/artcreativecath.com\/?page_id=5035"},"modified":"2025-08-10T15:35:22","modified_gmt":"2025-08-10T15:35:22","slug":"landing-page-design-interieur","status":"publish","type":"page","link":"https:\/\/artcreativecath.com\/?page_id=5035","title":{"rendered":"Landing fr"},"content":{"rendered":"\t\t<div data-elementor-type=\"wp-page\" data-elementor-id=\"5035\" class=\"elementor elementor-5035\">\n\t\t\t\t<div class=\"elementor-element elementor-element-9d66988 e-flex e-con-boxed e-con e-parent\" data-id=\"9d66988\" data-element_type=\"container\" data-e-type=\"container\" data-settings=\"{&quot;background_background&quot;:&quot;classic&quot;}\">\n\t\t\t\t\t<div class=\"e-con-inner\">\n\t\t\t\t<div class=\"elementor-element elementor-element-7aeeb2b elementor-widget__width-initial elementor-widget elementor-widget-heading\" data-id=\"7aeeb2b\" data-element_type=\"widget\" data-e-type=\"widget\" data-widget_type=\"heading.default\">\n\t\t\t\t<div class=\"elementor-widget-container\">\n\t\t\t\t\t<h2 class=\"elementor-heading-title elementor-size-default\"> landing page<\/h2>\t\t\t\t<\/div>\n\t\t\t\t<\/div>\n\t\t\t\t<div class=\"elementor-element elementor-element-1cd04ed elementor-widget elementor-widget-text-editor\" data-id=\"1cd04ed\" data-element_type=\"widget\" data-e-type=\"widget\" data-widget_type=\"text-editor.default\">\n\t\t\t\t<div class=\"elementor-widget-container\">\n\t\t\t\t\t\t\t\t\t<p>\u00a0pour un studio de design d&rsquo;int\u00e9rieur<\/p>\t\t\t\t\t\t\t\t<\/div>\n\t\t\t\t<\/div>\n\t\t\t\t\t<\/div>\n\t\t\t\t<\/div>\n\t\t<div class=\"elementor-element elementor-element-822784a e-flex e-con-boxed e-con e-parent\" data-id=\"822784a\" data-element_type=\"container\" data-e-type=\"container\">\n\t\t\t\t\t<div class=\"e-con-inner\">\n\t\t<div class=\"elementor-element elementor-element-e93f1c7 e-grid e-con-full e-con e-child\" data-id=\"e93f1c7\" data-element_type=\"container\" data-e-type=\"container\">\n\t\t\t\t<div class=\"elementor-element elementor-element-589131b elementor-widget elementor-widget-text-editor\" data-id=\"589131b\" data-element_type=\"widget\" data-e-type=\"widget\" data-widget_type=\"text-editor.default\">\n\t\t\t\t<div class=\"elementor-widget-container\">\n\t\t\t\t\t\t\t\t\t<h4 data-start=\"54\" data-end=\"86\"><strong data-start=\"63\" data-end=\"84\">Demande du client<\/strong><\/h4><p data-start=\"54\" data-end=\"86\">Le client a sollicit\u00e9 la cr\u00e9ation d\u2019une landing page pour un studio d\u2019int\u00e9rieur.<br data-start=\"167\" data-end=\"170\" \/>La demande principale : un site inspirant, visuellement \u00e9pur\u00e9, minimaliste, tout en refl\u00e9tant un haut niveau de professionnalisme.<br data-start=\"300\" data-end=\"303\" \/>Il \u00e9tait \u00e9galement essentiel de pr\u00e9senter l\u2019ensemble des services et les avantages du studio \u2014 de mani\u00e8re concise mais convaincante.<\/p>\t\t\t\t\t\t\t\t<\/div>\n\t\t\t\t<\/div>\n\t\t\t\t<\/div>\n\t\t\t\t\t<\/div>\n\t\t\t\t<\/div>\n\t\t<div class=\"elementor-element elementor-element-0b2b596 e-flex e-con-boxed e-con e-parent\" data-id=\"0b2b596\" data-element_type=\"container\" data-e-type=\"container\">\n\t\t\t\t\t<div class=\"e-con-inner\">\n\t\t<div class=\"elementor-element elementor-element-6cdebbb e-con-full e-flex e-con e-child\" data-id=\"6cdebbb\" data-element_type=\"container\" data-e-type=\"container\">\n\t\t\t\t<\/div>\n\t\t<div class=\"elementor-element elementor-element-8cbce0f e-con-full e-flex e-con e-child\" data-id=\"8cbce0f\" data-element_type=\"container\" data-e-type=\"container\">\n\t\t\t\t<div class=\"elementor-element elementor-element-aaee51c elementor-widget elementor-widget-video\" data-id=\"aaee51c\" data-element_type=\"widget\" data-e-type=\"widget\" data-settings=\"{&quot;video_type&quot;:&quot;hosted&quot;,&quot;mute&quot;:&quot;yes&quot;,&quot;loop&quot;:&quot;yes&quot;,&quot;controls&quot;:&quot;yes&quot;}\" data-widget_type=\"video.default\">\n\t\t\t\t<div class=\"elementor-widget-container\">\n\t\t\t\t\t\t\t<div class=\"e-hosted-video elementor-wrapper elementor-open-inline\">\n\t\t\t\t\t<video class=\"elementor-video\" src=\"https:\/\/artcreativecath.com\/wp-content\/uploads\/2025\/07\/0722-1.mp4\" loop=\"\" controls=\"\" preload=\"metadata\" muted=\"muted\" controlsList=\"nodownload\" poster=\"https:\/\/artcreativecath.com\/wp-content\/uploads\/2025\/06\/MacBook-Air-1.png\"><\/video>\n\t\t\t\t<\/div>\n\t\t\t\t\t\t<\/div>\n\t\t\t\t<\/div>\n\t\t\t\t<\/div>\n\t\t\t\t\t<\/div>\n\t\t\t\t<\/div>\n\t\t<div class=\"elementor-element elementor-element-f4c6ee3 e-flex e-con-boxed e-con e-parent\" data-id=\"f4c6ee3\" data-element_type=\"container\" data-e-type=\"container\">\n\t\t\t\t\t<div class=\"e-con-inner\">\n\t\t<div class=\"elementor-element elementor-element-82da4b5 e-con-full e-flex e-con e-child\" data-id=\"82da4b5\" data-element_type=\"container\" data-e-type=\"container\">\n\t\t\t\t<div class=\"elementor-element elementor-element-302cbf9 elementor-widget elementor-widget-text-editor\" data-id=\"302cbf9\" data-element_type=\"widget\" data-e-type=\"widget\" data-widget_type=\"text-editor.default\">\n\t\t\t\t<div class=\"elementor-widget-container\">\n\t\t\t\t\t\t\t\t\t<h4 data-start=\"54\" data-end=\"79\"><strong data-start=\"63\" data-end=\"77\">Ma mission<\/strong><\/h4><p data-start=\"80\" data-end=\"353\">Cr\u00e9er une page \u00e0 la fois concise et attrayante, qui :<br data-start=\"133\" data-end=\"136\" \/>\u2022 Pr\u00e9sente le studio et sa philosophie<br data-start=\"174\" data-end=\"177\" \/>\u2022 Encourage \u00e0 envoyer une demande<br data-start=\"210\" data-end=\"213\" \/>\u2022 Transmet une atmosph\u00e8re de confort, de style et de confiance<br data-start=\"275\" data-end=\"278\" \/>\u2022 Reste l\u00e9g\u00e8re, facile \u00e0 lire et parfaitement adapt\u00e9e aux appareils mobiles<\/p>\t\t\t\t\t\t\t\t<\/div>\n\t\t\t\t<\/div>\n\t\t\t\t<\/div>\n\t\t<div class=\"elementor-element elementor-element-a55414a e-con-full e-flex e-con e-child\" data-id=\"a55414a\" data-element_type=\"container\" data-e-type=\"container\">\n\t\t\t\t<\/div>\n\t\t<div class=\"elementor-element elementor-element-7678a7a e-con-full e-flex e-con e-child\" data-id=\"7678a7a\" data-element_type=\"container\" data-e-type=\"container\">\n\t\t\t\t<div class=\"elementor-element elementor-element-79a43cc elementor-invisible elementor-widget elementor-widget-image\" data-id=\"79a43cc\" data-element_type=\"widget\" data-e-type=\"widget\" data-settings=\"{&quot;_animation&quot;:&quot;fadeIn&quot;}\" data-widget_type=\"image.default\">\n\t\t\t\t<div class=\"elementor-widget-container\">\n\t\t\t\t\t\t\t\t\t\t\t\t\t\t\t<img fetchpriority=\"high\" decoding=\"async\" width=\"1024\" height=\"1024\" src=\"https:\/\/artcreativecath.com\/wp-content\/uploads\/2025\/06\/Laptop-Website-Mockup-Template-1-1024x1024.png\" class=\"attachment-large size-large wp-image-4197\" alt=\"\" srcset=\"https:\/\/artcreativecath.com\/wp-content\/uploads\/2025\/06\/Laptop-Website-Mockup-Template-1-1024x1024.png 1024w, https:\/\/artcreativecath.com\/wp-content\/uploads\/2025\/06\/Laptop-Website-Mockup-Template-1-300x300.png 300w, https:\/\/artcreativecath.com\/wp-content\/uploads\/2025\/06\/Laptop-Website-Mockup-Template-1-150x150.png 150w, https:\/\/artcreativecath.com\/wp-content\/uploads\/2025\/06\/Laptop-Website-Mockup-Template-1-768x768.png 768w, https:\/\/artcreativecath.com\/wp-content\/uploads\/2025\/06\/Laptop-Website-Mockup-Template-1-1536x1536.png 1536w, https:\/\/artcreativecath.com\/wp-content\/uploads\/2025\/06\/Laptop-Website-Mockup-Template-1.png 2000w\" sizes=\"(max-width: 1024px) 100vw, 1024px\" \/>\t\t\t\t\t\t\t\t\t\t\t\t\t\t\t<\/div>\n\t\t\t\t<\/div>\n\t\t\t\t<\/div>\n\t\t\t\t\t<\/div>\n\t\t\t\t<\/div>\n\t\t<div class=\"elementor-element elementor-element-fcb57cf e-flex e-con-boxed e-con e-parent\" data-id=\"fcb57cf\" data-element_type=\"container\" data-e-type=\"container\">\n\t\t\t\t\t<div class=\"e-con-inner\">\n\t\t\t\t<div class=\"elementor-element elementor-element-d207675 elementor-widget elementor-widget-heading\" data-id=\"d207675\" data-element_type=\"widget\" data-e-type=\"widget\" data-widget_type=\"heading.default\">\n\t\t\t\t<div class=\"elementor-widget-container\">\n\t\t\t\t\t<h2 class=\"elementor-heading-title elementor-size-default\">R\u00e9sultat<\/h2>\t\t\t\t<\/div>\n\t\t\t\t<\/div>\n\t\t\t\t<div class=\"elementor-element elementor-element-03043cd elementor-widget elementor-widget-text-editor\" data-id=\"03043cd\" data-element_type=\"widget\" data-e-type=\"widget\" data-widget_type=\"text-editor.default\">\n\t\t\t\t<div class=\"elementor-widget-container\">\n\t\t\t\t\t\t\t\t\t<p>Un landing page \u00e9pur\u00e9 et atmosph\u00e9rique, qui inspire confiance, met clairement en valeur l\u2019expertise du studio et aide le client \u00e0 faire le premier pas vers une collaboration.<\/p>\t\t\t\t\t\t\t\t<\/div>\n\t\t\t\t<\/div>\n\t\t\t\t<div class=\"elementor-element elementor-element-2240eb5 elementor-align-left elementor-widget elementor-widget-button\" data-id=\"2240eb5\" data-element_type=\"widget\" data-e-type=\"widget\" data-widget_type=\"button.default\">\n\t\t\t\t<div class=\"elementor-widget-container\">\n\t\t\t\t\t\t\t\t\t<div class=\"elementor-button-wrapper\">\n\t\t\t\t\t<a class=\"elementor-button elementor-button-link elementor-size-sm\" href=\"https:\/\/artcreativecath.com\/?page_id=16\">\n\t\t\t\t\t\t<span class=\"elementor-button-content-wrapper\">\n\t\t\t\t\t\t\t\t\t<span class=\"elementor-button-text\">Discuter de mon id\u00e9e<\/span>\n\t\t\t\t\t<\/span>\n\t\t\t\t\t<\/a>\n\t\t\t\t<\/div>\n\t\t\t\t\t\t\t\t<\/div>\n\t\t\t\t<\/div>\n\t\t\t\t\t<\/div>\n\t\t\t\t<\/div>\n\t\t<div class=\"elementor-element elementor-element-41cd363 e-flex e-con-boxed e-con e-parent\" data-id=\"41cd363\" data-element_type=\"container\" data-e-type=\"container\">\n\t\t\t\t\t<div class=\"e-con-inner\">\n\t\t\t\t<div class=\"elementor-element elementor-element-29f7ff8 elementor-widget-divider--view-line elementor-widget elementor-widget-divider\" data-id=\"29f7ff8\" data-element_type=\"widget\" data-e-type=\"widget\" data-widget_type=\"divider.default\">\n\t\t\t\t<div class=\"elementor-widget-container\">\n\t\t\t\t\t\t\t<div class=\"elementor-divider\">\n\t\t\t<span class=\"elementor-divider-separator\">\n\t\t\t\t\t\t<\/span>\n\t\t<\/div>\n\t\t\t\t\t\t<\/div>\n\t\t\t\t<\/div>\n\t\t\t\t\t<\/div>\n\t\t\t\t<\/div>\n\t\t<div class=\"elementor-element elementor-element-97c44a7 e-con-full e-flex e-con e-parent\" data-id=\"97c44a7\" data-element_type=\"container\" data-e-type=\"container\" data-settings=\"{&quot;background_background&quot;:&quot;classic&quot;}\">\n\t\t\t\t<\/div>\n\t\t\t\t<\/div>\n\t\t","protected":false},"excerpt":{"rendered":"<p>landing page \u00a0pour un studio de design d&rsquo;int\u00e9rieur Demande du client Le client a sollicit\u00e9 la cr\u00e9ation d\u2019une landing page pour un studio d\u2019int\u00e9rieur.La demande principale : un site inspirant, visuellement \u00e9pur\u00e9, minimaliste, tout en refl\u00e9tant un haut niveau de professionnalisme.Il \u00e9tait \u00e9galement essentiel de pr\u00e9senter l\u2019ensemble des services et les avantages du studio \u2014 [&hellip;]<\/p>\n","protected":false},"author":1,"featured_media":0,"parent":0,"menu_order":0,"comment_status":"closed","ping_status":"closed","template":"","meta":{"site-sidebar-layout":"no-sidebar","site-content-layout":"page-builder","ast-site-content-layout":"full-width-container","site-content-style":"default","site-sidebar-style":"default","ast-global-header-display":"","ast-banner-title-visibility":"","ast-main-header-display":"","ast-hfb-above-header-display":"","ast-hfb-below-header-display":"","ast-hfb-mobile-header-display":"","site-post-title":"disabled","ast-breadcrumbs-content":"","ast-featured-img":"disabled","footer-sml-layout":"","ast-disable-related-posts":"","theme-transparent-header-meta":"","adv-header-id-meta":"","stick-header-meta":"","header-above-stick-meta":"","header-main-stick-meta":"","header-below-stick-meta":"","astra-migrate-meta-layouts":"set","ast-page-background-enabled":"default","ast-page-background-meta":{"desktop":{"background-color":"var(--ast-global-color-4)","background-image":"","background-repeat":"repeat","background-position":"center center","background-size":"auto","background-attachment":"scroll","background-type":"","background-media":"","overlay-type":"","overlay-color":"","overlay-opacity":"","overlay-gradient":""},"tablet":{"background-color":"","background-image":"","background-repeat":"repeat","background-position":"center center","background-size":"auto","background-attachment":"scroll","background-type":"","background-media":"","overlay-type":"","overlay-color":"","overlay-opacity":"","overlay-gradient":""},"mobile":{"background-color":"","background-image":"","background-repeat":"repeat","background-position":"center center","background-size":"auto","background-attachment":"scroll","background-type":"","background-media":"","overlay-type":"","overlay-color":"","overlay-opacity":"","overlay-gradient":""}},"ast-content-background-meta":{"desktop":{"background-color":"var(--ast-global-color-5)","background-image":"","background-repeat":"repeat","background-position":"center center","background-size":"auto","background-attachment":"scroll","background-type":"","background-media":"","overlay-type":"","overlay-color":"","overlay-opacity":"","overlay-gradient":""},"tablet":{"background-color":"var(--ast-global-color-5)","background-image":"","background-repeat":"repeat","background-position":"center center","background-size":"auto","background-attachment":"scroll","background-type":"","background-media":"","overlay-type":"","overlay-color":"","overlay-opacity":"","overlay-gradient":""},"mobile":{"background-color":"var(--ast-global-color-5)","background-image":"","background-repeat":"repeat","background-position":"center center","background-size":"auto","background-attachment":"scroll","background-type":"","background-media":"","overlay-type":"","overlay-color":"","overlay-opacity":"","overlay-gradient":""}},"footnotes":""},"class_list":["post-5035","page","type-page","status-publish","hentry"],"_links":{"self":[{"href":"https:\/\/artcreativecath.com\/index.php?rest_route=\/wp\/v2\/pages\/5035","targetHints":{"allow":["GET"]}}],"collection":[{"href":"https:\/\/artcreativecath.com\/index.php?rest_route=\/wp\/v2\/pages"}],"about":[{"href":"https:\/\/artcreativecath.com\/index.php?rest_route=\/wp\/v2\/types\/page"}],"author":[{"embeddable":true,"href":"https:\/\/artcreativecath.com\/index.php?rest_route=\/wp\/v2\/users\/1"}],"replies":[{"embeddable":true,"href":"https:\/\/artcreativecath.com\/index.php?rest_route=%2Fwp%2Fv2%2Fcomments&post=5035"}],"version-history":[{"count":37,"href":"https:\/\/artcreativecath.com\/index.php?rest_route=\/wp\/v2\/pages\/5035\/revisions"}],"predecessor-version":[{"id":5743,"href":"https:\/\/artcreativecath.com\/index.php?rest_route=\/wp\/v2\/pages\/5035\/revisions\/5743"}],"wp:attachment":[{"href":"https:\/\/artcreativecath.com\/index.php?rest_route=%2Fwp%2Fv2%2Fmedia&parent=5035"}],"curies":[{"name":"wp","href":"https:\/\/api.w.org\/{rel}","templated":true}]}}