{"id":3505,"date":"2025-02-01T18:20:42","date_gmt":"2025-02-01T18:20:42","guid":{"rendered":"https:\/\/artcreativecath.com\/?page_id=3505"},"modified":"2025-02-08T13:11:41","modified_gmt":"2025-02-08T13:11:41","slug":"politique-de-confidentialite","status":"publish","type":"page","link":"https:\/\/artcreativecath.com\/?page_id=3505","title":{"rendered":"Politique de confidentialit\u00e9"},"content":{"rendered":"\t\t<div data-elementor-type=\"wp-page\" data-elementor-id=\"3505\" class=\"elementor elementor-3505\">\n\t\t\t\t<div class=\"elementor-element elementor-element-20946ac e-flex e-con-boxed e-con e-parent\" data-id=\"20946ac\" data-element_type=\"container\" data-e-type=\"container\">\n\t\t\t\t\t<div class=\"e-con-inner\">\n\t\t\t\t<div class=\"elementor-element elementor-element-0bf24a3 elementor-widget elementor-widget-heading\" data-id=\"0bf24a3\" data-element_type=\"widget\" data-e-type=\"widget\" data-widget_type=\"heading.default\">\n\t\t\t\t<div class=\"elementor-widget-container\">\n\t\t\t\t\t<h2 class=\"elementor-heading-title elementor-size-default\">Politique de confidentialit\u00e9\n<\/h2>\t\t\t\t<\/div>\n\t\t\t\t<\/div>\n\t\t\t\t\t<\/div>\n\t\t\t\t<\/div>\n\t\t<div class=\"elementor-element elementor-element-d747cf0 e-flex e-con-boxed e-con e-parent\" data-id=\"d747cf0\" data-element_type=\"container\" data-e-type=\"container\">\n\t\t\t\t\t<div class=\"e-con-inner\">\n\t\t\t\t<div class=\"elementor-element elementor-element-a1a66b3 elementor-widget elementor-widget-heading\" data-id=\"a1a66b3\" data-element_type=\"widget\" data-e-type=\"widget\" data-widget_type=\"heading.default\">\n\t\t\t\t<div class=\"elementor-widget-container\">\n\t\t\t\t\t<h4 class=\"elementor-heading-title elementor-size-default\">Informations g\u00e9n\u00e9rales\u2028<\/h4>\t\t\t\t<\/div>\n\t\t\t\t<\/div>\n\t\t\t\t<div class=\"elementor-element elementor-element-51ecfaf elementor-widget elementor-widget-text-editor\" data-id=\"51ecfaf\" data-element_type=\"widget\" data-e-type=\"widget\" data-widget_type=\"text-editor.default\">\n\t\t\t\t<div class=\"elementor-widget-container\">\n\t\t\t\t\t\t\t\t\t<p><b><\/b>La pr\u00e9sente politique de confidentialit\u00e9 explique comment ART.CREATIVE.CATH (ci-apr\u00e8s \u00ab nous \u00bb, \u00ab notre site \u00bb) collecte, utilise et prot\u00e8ge les donn\u00e9es personnelles des utilisateurs (ci-apr\u00e8s \u00ab vous \u00bb, \u00ab vos donn\u00e9es \u00bb). Nous nous engageons \u00e0 respecter la confidentialit\u00e9 et \u00e0 prot\u00e9ger vos donn\u00e9es personnelles conform\u00e9ment aux lois en vigueur.<br \/>Coordonn\u00e9es :<br \/>Nom de l&rsquo;entreprise : ART.CREATIVE.CATH<br \/>Email : contact@artcreativecath.com<\/p>\t\t\t\t\t\t\t\t<\/div>\n\t\t\t\t<\/div>\n\t\t\t\t<div class=\"elementor-element elementor-element-cda24cf elementor-widget elementor-widget-heading\" data-id=\"cda24cf\" data-element_type=\"widget\" data-e-type=\"widget\" data-widget_type=\"heading.default\">\n\t\t\t\t<div class=\"elementor-widget-container\">\n\t\t\t\t\t<h4 class=\"elementor-heading-title elementor-size-default\">Donn\u00e9es collect\u00e9es<\/h4>\t\t\t\t<\/div>\n\t\t\t\t<\/div>\n\t\t\t\t<div class=\"elementor-element elementor-element-50cc5e7 elementor-widget elementor-widget-text-editor\" data-id=\"50cc5e7\" data-element_type=\"widget\" data-e-type=\"widget\" data-widget_type=\"text-editor.default\">\n\t\t\t\t<div class=\"elementor-widget-container\">\n\t\t\t\t\t\t\t\t\t<p><b><\/b>Nous pouvons collecter les types de donn\u00e9es suivants :<\/p><p>-Nom et pr\u00e9nom<\/p><p>-Adresse e-mail<\/p><p>-Donn\u00e9es collect\u00e9es via les cookies et les services d&rsquo;analyse.\u00a0<\/p>\t\t\t\t\t\t\t\t<\/div>\n\t\t\t\t<\/div>\n\t\t\t\t<div class=\"elementor-element elementor-element-b85205c elementor-widget elementor-widget-heading\" data-id=\"b85205c\" data-element_type=\"widget\" data-e-type=\"widget\" data-widget_type=\"heading.default\">\n\t\t\t\t<div class=\"elementor-widget-container\">\n\t\t\t\t\t<h4 class=\"elementor-heading-title elementor-size-default\">Objectifs du traitement des donn\u00e9es<\/h4>\t\t\t\t<\/div>\n\t\t\t\t<\/div>\n\t\t\t\t<div class=\"elementor-element elementor-element-040046e elementor-widget elementor-widget-text-editor\" data-id=\"040046e\" data-element_type=\"widget\" data-e-type=\"widget\" data-widget_type=\"text-editor.default\">\n\t\t\t\t<div class=\"elementor-widget-container\">\n\t\t\t\t\t\t\t\t\t<p><b><\/b>Nous traitons vos donn\u00e9es personnelles exclusivement pour le traitement des commandes et la fourniture de services, ainsi que pour am\u00e9liorer la qualit\u00e9 de notre site et l&rsquo;exp\u00e9rience utilisateur.<br \/>Si vous estimez que le traitement de vos donn\u00e9es porte atteinte \u00e0 vos droits, vous avez le droit de d\u00e9poser une plainte aupr\u00e8s de l&rsquo;autorit\u00e9 de protection des donn\u00e9es dans votre pays (par exemple, la CNIL en France ou la BfDI en Allemagne).<\/p>\t\t\t\t\t\t\t\t<\/div>\n\t\t\t\t<\/div>\n\t\t\t\t<div class=\"elementor-element elementor-element-5eea4b1 elementor-widget elementor-widget-heading\" data-id=\"5eea4b1\" data-element_type=\"widget\" data-e-type=\"widget\" data-widget_type=\"heading.default\">\n\t\t\t\t<div class=\"elementor-widget-container\">\n\t\t\t\t\t<h4 class=\"elementor-heading-title elementor-size-default\">Protection des donn\u00e9es<\/h4>\t\t\t\t<\/div>\n\t\t\t\t<\/div>\n\t\t\t\t<div class=\"elementor-element elementor-element-f200a2b elementor-widget elementor-widget-text-editor\" data-id=\"f200a2b\" data-element_type=\"widget\" data-e-type=\"widget\" data-widget_type=\"text-editor.default\">\n\t\t\t\t<div class=\"elementor-widget-container\">\n\t\t\t\t\t\t\t\t\t<p><b><\/b>Nous prenons toutes les mesures n\u00e9cessaires pour prot\u00e9ger vos donn\u00e9es contre tout acc\u00e8s non autoris\u00e9, perte ou alt\u00e9ration. Cela inclut l&rsquo;utilisation de technologies modernes pour assurer la s\u00e9curit\u00e9 de vos donn\u00e9es personnelles, telles que le cryptage et la protection contre les fuites.<\/p>\t\t\t\t\t\t\t\t<\/div>\n\t\t\t\t<\/div>\n\t\t\t\t<div class=\"elementor-element elementor-element-8576ec7 elementor-widget elementor-widget-heading\" data-id=\"8576ec7\" data-element_type=\"widget\" data-e-type=\"widget\" data-widget_type=\"heading.default\">\n\t\t\t\t<div class=\"elementor-widget-container\">\n\t\t\t\t\t<h4 class=\"elementor-heading-title elementor-size-default\">Conservation des donn\u00e9es<\/h4>\t\t\t\t<\/div>\n\t\t\t\t<\/div>\n\t\t\t\t<div class=\"elementor-element elementor-element-5c1f212 elementor-widget elementor-widget-text-editor\" data-id=\"5c1f212\" data-element_type=\"widget\" data-e-type=\"widget\" data-widget_type=\"text-editor.default\">\n\t\t\t\t<div class=\"elementor-widget-container\">\n\t\t\t\t\t\t\t\t\t<p><b><\/b>Les donn\u00e9es personnelles sont conserv\u00e9es pendant une p\u00e9riode n&rsquo;exc\u00e9dant pas celle n\u00e9cessaire \u00e0 la r\u00e9alisation des objectifs pour lesquels elles ont \u00e9t\u00e9 collect\u00e9es. Une fois cette p\u00e9riode expir\u00e9e, les donn\u00e9es sont supprim\u00e9es.<br \/>Nous conservons vos donn\u00e9es pendant une p\u00e9riode maximale de 6 mois apr\u00e8s votre dernier contact. Pass\u00e9 ce d\u00e9lai, elles sont supprim\u00e9es.<\/p>\t\t\t\t\t\t\t\t<\/div>\n\t\t\t\t<\/div>\n\t\t\t\t<div class=\"elementor-element elementor-element-966e838 elementor-widget elementor-widget-heading\" data-id=\"966e838\" data-element_type=\"widget\" data-e-type=\"widget\" data-widget_type=\"heading.default\">\n\t\t\t\t<div class=\"elementor-widget-container\">\n\t\t\t\t\t<h4 class=\"elementor-heading-title elementor-size-default\">Non-transfert des donn\u00e9es \u00e0 des tiers<\/h4>\t\t\t\t<\/div>\n\t\t\t\t<\/div>\n\t\t\t\t<div class=\"elementor-element elementor-element-f21b21e elementor-widget elementor-widget-text-editor\" data-id=\"f21b21e\" data-element_type=\"widget\" data-e-type=\"widget\" data-widget_type=\"text-editor.default\">\n\t\t\t\t<div class=\"elementor-widget-container\">\n\t\t\t\t\t\t\t\t\t<p><b><\/b>Nous ne transmettons pas vos donn\u00e9es \u00e0 des tiers, sauf dans les cas o\u00f9 cela est n\u00e9cessaire pour ex\u00e9cuter vos demandes ou conform\u00e9ment aux exigences l\u00e9gales. Vos donn\u00e9es restent strictement confidentielles et sont utilis\u00e9es uniquement \u00e0 des fins internes.<\/p>\t\t\t\t\t\t\t\t<\/div>\n\t\t\t\t<\/div>\n\t\t\t\t<div class=\"elementor-element elementor-element-dbbd9c8 elementor-widget elementor-widget-heading\" data-id=\"dbbd9c8\" data-element_type=\"widget\" data-e-type=\"widget\" data-widget_type=\"heading.default\">\n\t\t\t\t<div class=\"elementor-widget-container\">\n\t\t\t\t\t<h4 class=\"elementor-heading-title elementor-size-default\">Vos droits<\/h4>\t\t\t\t<\/div>\n\t\t\t\t<\/div>\n\t\t\t\t<div class=\"elementor-element elementor-element-73fa9e1 elementor-widget elementor-widget-text-editor\" data-id=\"73fa9e1\" data-element_type=\"widget\" data-e-type=\"widget\" data-widget_type=\"text-editor.default\">\n\t\t\t\t<div class=\"elementor-widget-container\">\n\t\t\t\t\t\t\t\t\t<p><b><\/b>Vous avez les droits suivants concernant vos donn\u00e9es personnelles :<\/p><p>-Demander l&rsquo;acc\u00e8s \u00e0 vos donn\u00e9es et obtenir une copie des informations<\/p><p>-Corriger ou supprimer vos donn\u00e9es<\/p><p>-Limiter le traitement de vos donn\u00e9es dans certaines situations<\/p><p>-Retirer votre consentement au traitement des donn\u00e9es<br \/>Pour exercer ces droits, veuillez nous contacter \u00e0 l&rsquo;adresse e-mail suivante : <a href=\"mailto:contact@artcreativecath.com\">contact@artcreativecath.com<\/a><\/p>\t\t\t\t\t\t\t\t<\/div>\n\t\t\t\t<\/div>\n\t\t\t\t<div class=\"elementor-element elementor-element-3e6de41 elementor-widget elementor-widget-heading\" data-id=\"3e6de41\" data-element_type=\"widget\" data-e-type=\"widget\" data-widget_type=\"heading.default\">\n\t\t\t\t<div class=\"elementor-widget-container\">\n\t\t\t\t\t<h4 class=\"elementor-heading-title elementor-size-default\">Utilisation des cookies<\/h4>\t\t\t\t<\/div>\n\t\t\t\t<\/div>\n\t\t\t\t<div class=\"elementor-element elementor-element-d4c3347 elementor-widget elementor-widget-text-editor\" data-id=\"d4c3347\" data-element_type=\"widget\" data-e-type=\"widget\" data-widget_type=\"text-editor.default\">\n\t\t\t\t<div class=\"elementor-widget-container\">\n\t\t\t\t\t\t\t\t\t<p>Les cookies sont de petits fichiers texte envoy\u00e9s par le site et stock\u00e9s sur le disque dur de votre ordinateur. Un balise web est une image \u00e9lectronique (cach\u00e9e, g\u00e9n\u00e9ralement appel\u00e9e \u00ab pixel unique \u00bb ou GIF) plac\u00e9e sur le site et qui recueille des informations depuis votre appareil, telles que votre type de navigateur (regroup\u00e9 ci-dessous sous l&rsquo;appellation \u00ab Cookies \u00bb).<br \/>Nous utilisons des cookies pour am\u00e9liorer le fonctionnement du site et analyser l&rsquo;activit\u00e9 des utilisateurs. Les cookies nous aident \u00e0 adapter le site \u00e0 vos pr\u00e9f\u00e9rences et \u00e0 garantir le bon fonctionnement de ses fonctionnalit\u00e9s. Vous pouvez d\u00e9sactiver les cookies dans les param\u00e8tres de votre navigateur, mais cela peut affecter la fonctionnalit\u00e9 du site.<\/p>\t\t\t\t\t\t\t\t<\/div>\n\t\t\t\t<\/div>\n\t\t\t\t\t<\/div>\n\t\t\t\t<\/div>\n\t\t\t\t<\/div>\n\t\t","protected":false},"excerpt":{"rendered":"<p>Politique de confidentialit\u00e9 Informations g\u00e9n\u00e9rales\u2028 La pr\u00e9sente politique de confidentialit\u00e9 explique comment ART.CREATIVE.CATH (ci-apr\u00e8s \u00ab nous \u00bb, \u00ab notre site \u00bb) collecte, utilise et prot\u00e8ge les donn\u00e9es personnelles des utilisateurs (ci-apr\u00e8s \u00ab vous \u00bb, \u00ab vos donn\u00e9es \u00bb). Nous nous engageons \u00e0 respecter la confidentialit\u00e9 et \u00e0 prot\u00e9ger vos donn\u00e9es personnelles conform\u00e9ment aux lois en [&hellip;]<\/p>\n","protected":false},"author":1,"featured_media":0,"parent":0,"menu_order":0,"comment_status":"closed","ping_status":"closed","template":"","meta":{"site-sidebar-layout":"no-sidebar","site-content-layout":"page-builder","ast-site-content-layout":"full-width-container","site-content-style":"default","site-sidebar-style":"default","ast-global-header-display":"","ast-banner-title-visibility":"","ast-main-header-display":"","ast-hfb-above-header-display":"","ast-hfb-below-header-display":"","ast-hfb-mobile-header-display":"","site-post-title":"disabled","ast-breadcrumbs-content":"","ast-featured-img":"disabled","footer-sml-layout":"","ast-disable-related-posts":"","theme-transparent-header-meta":"","adv-header-id-meta":"","stick-header-meta":"","header-above-stick-meta":"","header-main-stick-meta":"","header-below-stick-meta":"","astra-migrate-meta-layouts":"set","ast-page-background-enabled":"default","ast-page-background-meta":{"desktop":{"background-color":"var(--ast-global-color-4)","background-image":"","background-repeat":"repeat","background-position":"center center","background-size":"auto","background-attachment":"scroll","background-type":"","background-media":"","overlay-type":"","overlay-color":"","overlay-opacity":"","overlay-gradient":""},"tablet":{"background-color":"","background-image":"","background-repeat":"repeat","background-position":"center center","background-size":"auto","background-attachment":"scroll","background-type":"","background-media":"","overlay-type":"","overlay-color":"","overlay-opacity":"","overlay-gradient":""},"mobile":{"background-color":"","background-image":"","background-repeat":"repeat","background-position":"center center","background-size":"auto","background-attachment":"scroll","background-type":"","background-media":"","overlay-type":"","overlay-color":"","overlay-opacity":"","overlay-gradient":""}},"ast-content-background-meta":{"desktop":{"background-color":"var(--ast-global-color-5)","background-image":"","background-repeat":"repeat","background-position":"center center","background-size":"auto","background-attachment":"scroll","background-type":"","background-media":"","overlay-type":"","overlay-color":"","overlay-opacity":"","overlay-gradient":""},"tablet":{"background-color":"var(--ast-global-color-5)","background-image":"","background-repeat":"repeat","background-position":"center center","background-size":"auto","background-attachment":"scroll","background-type":"","background-media":"","overlay-type":"","overlay-color":"","overlay-opacity":"","overlay-gradient":""},"mobile":{"background-color":"var(--ast-global-color-5)","background-image":"","background-repeat":"repeat","background-position":"center center","background-size":"auto","background-attachment":"scroll","background-type":"","background-media":"","overlay-type":"","overlay-color":"","overlay-opacity":"","overlay-gradient":""}},"footnotes":""},"class_list":["post-3505","page","type-page","status-publish","hentry"],"_links":{"self":[{"href":"https:\/\/artcreativecath.com\/index.php?rest_route=\/wp\/v2\/pages\/3505","targetHints":{"allow":["GET"]}}],"collection":[{"href":"https:\/\/artcreativecath.com\/index.php?rest_route=\/wp\/v2\/pages"}],"about":[{"href":"https:\/\/artcreativecath.com\/index.php?rest_route=\/wp\/v2\/types\/page"}],"author":[{"embeddable":true,"href":"https:\/\/artcreativecath.com\/index.php?rest_route=\/wp\/v2\/users\/1"}],"replies":[{"embeddable":true,"href":"https:\/\/artcreativecath.com\/index.php?rest_route=%2Fwp%2Fv2%2Fcomments&post=3505"}],"version-history":[{"count":9,"href":"https:\/\/artcreativecath.com\/index.php?rest_route=\/wp\/v2\/pages\/3505\/revisions"}],"predecessor-version":[{"id":3611,"href":"https:\/\/artcreativecath.com\/index.php?rest_route=\/wp\/v2\/pages\/3505\/revisions\/3611"}],"wp:attachment":[{"href":"https:\/\/artcreativecath.com\/index.php?rest_route=%2Fwp%2Fv2%2Fmedia&parent=3505"}],"curies":[{"name":"wp","href":"https:\/\/api.w.org\/{rel}","templated":true}]}}