{"id":11,"date":"2025-01-07T18:30:06","date_gmt":"2025-01-07T18:30:06","guid":{"rendered":"https:\/\/artcreativecath.com\/home\/"},"modified":"2025-08-10T15:05:11","modified_gmt":"2025-08-10T15:05:11","slug":"web-design","status":"publish","type":"page","link":"https:\/\/artcreativecath.com\/","title":{"rendered":"Page d&rsquo;accueil"},"content":{"rendered":"\t\t<div data-elementor-type=\"wp-page\" data-elementor-id=\"11\" class=\"elementor elementor-11\">\n\t\t\t\t<div class=\"elementor-element elementor-element-9e1a3b7 e-flex e-con-boxed e-con e-parent\" data-id=\"9e1a3b7\" data-element_type=\"container\" data-e-type=\"container\" data-settings=\"{&quot;background_background&quot;:&quot;classic&quot;}\">\n\t\t\t\t\t<div class=\"e-con-inner\">\n\t\t<div class=\"elementor-element elementor-element-8f73ee5 e-con-full e-flex e-con e-child\" data-id=\"8f73ee5\" data-element_type=\"container\" data-e-type=\"container\">\n\t\t\t\t<div class=\"elementor-element elementor-element-93873aa elementor-widget-mobile__width-initial elementor-invisible elementor-widget elementor-widget-heading\" data-id=\"93873aa\" data-element_type=\"widget\" data-e-type=\"widget\" data-settings=\"{&quot;_animation&quot;:&quot;fadeInLeft&quot;}\" data-widget_type=\"heading.default\">\n\t\t\t\t<div class=\"elementor-widget-container\">\n\t\t\t\t\t<h1 class=\"elementor-heading-title elementor-size-default\">ARTISTE &amp; GRAPHISTE <\/h1>\t\t\t\t<\/div>\n\t\t\t\t<\/div>\n\t\t\t\t<div class=\"elementor-element elementor-element-4a02dab elementor-invisible elementor-widget elementor-widget-heading\" data-id=\"4a02dab\" data-element_type=\"widget\" data-e-type=\"widget\" data-settings=\"{&quot;_animation&quot;:&quot;fadeInRight&quot;}\" data-widget_type=\"heading.default\">\n\t\t\t\t<div class=\"elementor-widget-container\">\n\t\t\t\t\t<h1 class=\"elementor-heading-title elementor-size-default\">logos, identit\u00e9s visuelles &amp; sites web sur-mesure<\/h1>\t\t\t\t<\/div>\n\t\t\t\t<\/div>\n\t\t\t\t<div class=\"elementor-element elementor-element-84e5af3 elementor-align-center elementor-widget elementor-widget-button\" data-id=\"84e5af3\" data-element_type=\"widget\" data-e-type=\"widget\" data-widget_type=\"button.default\">\n\t\t\t\t<div class=\"elementor-widget-container\">\n\t\t\t\t\t\t\t\t\t<div class=\"elementor-button-wrapper\">\n\t\t\t\t\t<a class=\"elementor-button elementor-button-link elementor-size-sm\" href=\"https:\/\/artcreativecath.com\/?page_id=16\">\n\t\t\t\t\t\t<span class=\"elementor-button-content-wrapper\">\n\t\t\t\t\t\t\t\t\t<span class=\"elementor-button-text\">Contacter<\/span>\n\t\t\t\t\t<\/span>\n\t\t\t\t\t<\/a>\n\t\t\t\t<\/div>\n\t\t\t\t\t\t\t\t<\/div>\n\t\t\t\t<\/div>\n\t\t\t\t<\/div>\n\t\t\t\t\t<\/div>\n\t\t\t\t<\/div>\n\t\t<div class=\"elementor-element elementor-element-033bbb9 e-flex e-con-boxed e-con e-parent\" data-id=\"033bbb9\" data-element_type=\"container\" data-e-type=\"container\" data-settings=\"{&quot;background_background&quot;:&quot;classic&quot;}\">\n\t\t\t\t\t<div class=\"e-con-inner\">\n\t\t\t\t<div class=\"elementor-element elementor-element-4646c0b elementor-widget elementor-widget-heading\" data-id=\"4646c0b\" data-element_type=\"widget\" data-e-type=\"widget\" data-widget_type=\"heading.default\">\n\t\t\t\t<div class=\"elementor-widget-container\">\n\t\t\t\t\t<h3 class=\"elementor-heading-title elementor-size-default\">MES SERVICES<\/h3>\t\t\t\t<\/div>\n\t\t\t\t<\/div>\n\t\t\t\t\t<\/div>\n\t\t\t\t<\/div>\n\t\t<div class=\"elementor-element elementor-element-96bd614 e-con-full e-flex e-con e-parent\" data-id=\"96bd614\" data-element_type=\"container\" data-e-type=\"container\" data-settings=\"{&quot;background_background&quot;:&quot;classic&quot;,&quot;animation&quot;:&quot;none&quot;}\">\n\t\t<div class=\"elementor-element elementor-element-c33605f e-con-full e-flex e-con e-child\" data-id=\"c33605f\" data-element_type=\"container\" data-e-type=\"container\">\n\t\t\t\t<div class=\"elementor-element elementor-element-5c4d0ed elementor-widget elementor-widget-image\" data-id=\"5c4d0ed\" data-element_type=\"widget\" data-e-type=\"widget\" data-widget_type=\"image.default\">\n\t\t\t\t<div class=\"elementor-widget-container\">\n\t\t\t\t\t\t\t\t\t\t\t\t\t\t\t\t<a href=\"https:\/\/artcreativecath.com\/?page_id=1960\">\n\t\t\t\t\t\t\t<img fetchpriority=\"high\" decoding=\"async\" width=\"300\" height=\"300\" src=\"https:\/\/artcreativecath.com\/wp-content\/uploads\/2025\/01\/catherine_cath_art_Stylish_and_minimalistic_workspace_designe_d2763b89-b40d-4311-85a9-c60370704885_3-300x300.png\" class=\"elementor-animation-grow attachment-medium size-medium wp-image-2089\" alt=\"\u043c\u0430\u043a\u0431\u0443\u043a \u043d\u0430 \u0447\u0451\u0440\u043d\u043e\u043c \u043a\u0430\u043c\u043d\u0435 \u2014 \u0432\u0435\u0431-\u0434\u0438\u0437\u0430\u0439\u043d, \u043c\u0438\u043d\u0438\u043c\u0430\u043b\u0438\u0437\u043c. French Riviera\" srcset=\"https:\/\/artcreativecath.com\/wp-content\/uploads\/2025\/01\/catherine_cath_art_Stylish_and_minimalistic_workspace_designe_d2763b89-b40d-4311-85a9-c60370704885_3-300x300.png 300w, https:\/\/artcreativecath.com\/wp-content\/uploads\/2025\/01\/catherine_cath_art_Stylish_and_minimalistic_workspace_designe_d2763b89-b40d-4311-85a9-c60370704885_3-150x150.png 150w, https:\/\/artcreativecath.com\/wp-content\/uploads\/2025\/01\/catherine_cath_art_Stylish_and_minimalistic_workspace_designe_d2763b89-b40d-4311-85a9-c60370704885_3-768x768.png 768w, https:\/\/artcreativecath.com\/wp-content\/uploads\/2025\/01\/catherine_cath_art_Stylish_and_minimalistic_workspace_designe_d2763b89-b40d-4311-85a9-c60370704885_3.png 1024w\" sizes=\"(max-width: 300px) 100vw, 300px\" \/>\t\t\t\t\t\t\t\t<\/a>\n\t\t\t\t\t\t\t\t\t\t\t\t\t\t\t<\/div>\n\t\t\t\t<\/div>\n\t\t\t\t<div class=\"elementor-element elementor-element-ad5e26d elementor-widget elementor-widget-heading\" data-id=\"ad5e26d\" data-element_type=\"widget\" data-e-type=\"widget\" data-widget_type=\"heading.default\">\n\t\t\t\t<div class=\"elementor-widget-container\">\n\t\t\t\t\t<h3 class=\"elementor-heading-title elementor-size-default\"><a href=\"https:\/\/artcreativecath.com\/?page_id=1960\">WEB DESIGN <\/a><\/h3>\t\t\t\t<\/div>\n\t\t\t\t<\/div>\n\t\t\t\t<div class=\"elementor-element elementor-element-23efb27 elementor-widget elementor-widget-heading\" data-id=\"23efb27\" data-element_type=\"widget\" data-e-type=\"widget\" data-widget_type=\"heading.default\">\n\t\t\t\t<div class=\"elementor-widget-container\">\n\t\t\t\t\t<h6 class=\"elementor-heading-title elementor-size-default\"><a href=\"https:\/\/artcreativecath.com\/?page_id=1960\">Cr\u00e9ation de sites web sur-mesure \u2014 design UX\/UI, \u00e9l\u00e9gance visuelle et navigation fluide, y compris des sites multilingues.\n<\/a><\/h6>\t\t\t\t<\/div>\n\t\t\t\t<\/div>\n\t\t\t\t<\/div>\n\t\t<div class=\"elementor-element elementor-element-3ecc452 e-con-full e-flex e-con e-child\" data-id=\"3ecc452\" data-element_type=\"container\" data-e-type=\"container\">\n\t\t\t\t<div class=\"elementor-element elementor-element-d9defdb elementor-widget elementor-widget-image\" data-id=\"d9defdb\" data-element_type=\"widget\" data-e-type=\"widget\" data-widget_type=\"image.default\">\n\t\t\t\t<div class=\"elementor-widget-container\">\n\t\t\t\t\t\t\t\t\t\t\t\t\t\t\t\t<a href=\"https:\/\/artcreativecath.com\/?page_id=2150\">\n\t\t\t\t\t\t\t<img decoding=\"async\" width=\"300\" height=\"300\" src=\"https:\/\/artcreativecath.com\/wp-content\/uploads\/2025\/01\/catherine_cath_art_Hyperrealism_style_picture_of_a_womans_gra_77a7ff05-a796-4792-b58c-130d04600d3d_2-300x300.png\" class=\"elementor-animation-grow attachment-medium size-medium wp-image-2131\" alt=\"\u0413\u0440\u0430\u0444\u0438\u0447\u0435\u0441\u043a\u0438\u0439 \u0434\u0438\u0437\u0430\u0439\u043d \u0434\u043b\u044f \u0431\u0440\u0435\u043d\u0434\u043e\u0432 \u2014 \u0440\u0443\u0447\u043d\u0430\u044f \u0440\u0430\u0431\u043e\u0442\u0430, \u041a\u0430\u043d\u043d\u044b, \u0424\u0440\u0430\u043d\u0446\u0438\u044f\" srcset=\"https:\/\/artcreativecath.com\/wp-content\/uploads\/2025\/01\/catherine_cath_art_Hyperrealism_style_picture_of_a_womans_gra_77a7ff05-a796-4792-b58c-130d04600d3d_2-300x300.png 300w, https:\/\/artcreativecath.com\/wp-content\/uploads\/2025\/01\/catherine_cath_art_Hyperrealism_style_picture_of_a_womans_gra_77a7ff05-a796-4792-b58c-130d04600d3d_2-150x150.png 150w, https:\/\/artcreativecath.com\/wp-content\/uploads\/2025\/01\/catherine_cath_art_Hyperrealism_style_picture_of_a_womans_gra_77a7ff05-a796-4792-b58c-130d04600d3d_2-768x768.png 768w, https:\/\/artcreativecath.com\/wp-content\/uploads\/2025\/01\/catherine_cath_art_Hyperrealism_style_picture_of_a_womans_gra_77a7ff05-a796-4792-b58c-130d04600d3d_2.png 1024w\" sizes=\"(max-width: 300px) 100vw, 300px\" \/>\t\t\t\t\t\t\t\t<\/a>\n\t\t\t\t\t\t\t\t\t\t\t\t\t\t\t<\/div>\n\t\t\t\t<\/div>\n\t\t\t\t<div class=\"elementor-element elementor-element-229bddd elementor-widget elementor-widget-heading\" data-id=\"229bddd\" data-element_type=\"widget\" data-e-type=\"widget\" data-widget_type=\"heading.default\">\n\t\t\t\t<div class=\"elementor-widget-container\">\n\t\t\t\t\t<h3 class=\"elementor-heading-title elementor-size-default\"><a href=\"https:\/\/artcreativecath.com\/?page_id=2150\">DESIGN GRAPHIQUE<\/a><\/h3>\t\t\t\t<\/div>\n\t\t\t\t<\/div>\n\t\t\t\t<div class=\"elementor-element elementor-element-e90f239 elementor-widget elementor-widget-heading\" data-id=\"e90f239\" data-element_type=\"widget\" data-e-type=\"widget\" data-widget_type=\"heading.default\">\n\t\t\t\t<div class=\"elementor-widget-container\">\n\t\t\t\t\t<h6 class=\"elementor-heading-title elementor-size-default\"><a href=\"https:\/\/artcreativecath.com\/?page_id=2150\">Cr\u00e9ation de logos, d\u2019identit\u00e9s visuelles et de supports imprim\u00e9s sur mesure \u2014 cartes de visite, brochures, flyers et bien plus encore.<\/a><\/h6>\t\t\t\t<\/div>\n\t\t\t\t<\/div>\n\t\t\t\t<\/div>\n\t\t<div class=\"elementor-element elementor-element-cfddd54 e-con-full e-flex e-con e-child\" data-id=\"cfddd54\" data-element_type=\"container\" data-e-type=\"container\">\n\t\t\t\t<div class=\"elementor-element elementor-element-45e522b elementor-widget elementor-widget-image\" data-id=\"45e522b\" data-element_type=\"widget\" data-e-type=\"widget\" data-widget_type=\"image.default\">\n\t\t\t\t<div class=\"elementor-widget-container\">\n\t\t\t\t\t\t\t\t\t\t\t\t\t\t\t\t<a href=\"https:\/\/artcreativecath.com\/?page_id=2153\">\n\t\t\t\t\t\t\t<img decoding=\"async\" width=\"300\" height=\"300\" src=\"https:\/\/artcreativecath.com\/wp-content\/uploads\/2025\/01\/catherine_cath_art_A_close-up_of_a_fine_art_brush_the_moment__c2914fef-fd6f-4cdd-83ad-89ddd9f255da_0-300x300.png\" class=\"elementor-animation-grow attachment-medium size-medium wp-image-2135\" alt=\"\u042d\u043b\u0435\u0433\u0430\u043d\u0442\u043d\u0430\u044f \u043a\u0438\u0441\u0442\u044c \u2014 \u0441\u0438\u043c\u0432\u043e\u043b \u0438\u043d\u0434\u0438\u0432\u0438\u0434\u0443\u0430\u043b\u044c\u043d\u043e\u0433\u043e \u043f\u043e\u0434\u0445\u043e\u0434\u0430 \u0432 \u043a\u0430\u0436\u0434\u043e\u043c \u043f\u0440\u043e\u0435\u043a\u0442\u0435\" srcset=\"https:\/\/artcreativecath.com\/wp-content\/uploads\/2025\/01\/catherine_cath_art_A_close-up_of_a_fine_art_brush_the_moment__c2914fef-fd6f-4cdd-83ad-89ddd9f255da_0-300x300.png 300w, https:\/\/artcreativecath.com\/wp-content\/uploads\/2025\/01\/catherine_cath_art_A_close-up_of_a_fine_art_brush_the_moment__c2914fef-fd6f-4cdd-83ad-89ddd9f255da_0-150x150.png 150w, https:\/\/artcreativecath.com\/wp-content\/uploads\/2025\/01\/catherine_cath_art_A_close-up_of_a_fine_art_brush_the_moment__c2914fef-fd6f-4cdd-83ad-89ddd9f255da_0-768x768.png 768w, https:\/\/artcreativecath.com\/wp-content\/uploads\/2025\/01\/catherine_cath_art_A_close-up_of_a_fine_art_brush_the_moment__c2914fef-fd6f-4cdd-83ad-89ddd9f255da_0.png 1024w\" sizes=\"(max-width: 300px) 100vw, 300px\" \/>\t\t\t\t\t\t\t\t<\/a>\n\t\t\t\t\t\t\t\t\t\t\t\t\t\t\t<\/div>\n\t\t\t\t<\/div>\n\t\t\t\t<div class=\"elementor-element elementor-element-f544eb8 elementor-widget elementor-widget-heading\" data-id=\"f544eb8\" data-element_type=\"widget\" data-e-type=\"widget\" data-widget_type=\"heading.default\">\n\t\t\t\t<div class=\"elementor-widget-container\">\n\t\t\t\t\t<h3 class=\"elementor-heading-title elementor-size-default\"><a href=\"https:\/\/artcreativecath.com\/?page_id=2153\">BEAUX-ARTS <\/a><\/h3>\t\t\t\t<\/div>\n\t\t\t\t<\/div>\n\t\t\t\t<div class=\"elementor-element elementor-element-ae5ed92 elementor-widget elementor-widget-heading\" data-id=\"ae5ed92\" data-element_type=\"widget\" data-e-type=\"widget\" data-widget_type=\"heading.default\">\n\t\t\t\t<div class=\"elementor-widget-container\">\n\t\t\t\t\t<h6 class=\"elementor-heading-title elementor-size-default\"><a href=\"https:\/\/artcreativecath.com\/?page_id=2153\">Les beaux-arts refl\u00e8tent l\u2019\u00e9motion et l\u2019harmonie, exprim\u00e9es \u00e0 travers des techniques vari\u00e9es et sensibles.<\/a><\/h6>\t\t\t\t<\/div>\n\t\t\t\t<\/div>\n\t\t\t\t<\/div>\n\t\t\t\t<\/div>\n\t\t<div class=\"elementor-element elementor-element-8af2908 e-flex e-con-boxed e-con e-parent\" data-id=\"8af2908\" data-element_type=\"container\" data-e-type=\"container\" data-settings=\"{&quot;background_background&quot;:&quot;classic&quot;}\">\n\t\t\t\t\t<div class=\"e-con-inner\">\n\t\t\t\t<div class=\"elementor-element elementor-element-cd08088 elementor-widget elementor-widget-heading\" data-id=\"cd08088\" data-element_type=\"widget\" data-e-type=\"widget\" data-widget_type=\"heading.default\">\n\t\t\t\t<div class=\"elementor-widget-container\">\n\t\t\t\t\t<h3 class=\"elementor-heading-title elementor-size-default\"><a href=\"https:\/\/artcreativecath.com\/?page_id=1710\">Decouvrir tous les services &gt;&gt; <\/a><\/h3>\t\t\t\t<\/div>\n\t\t\t\t<\/div>\n\t\t\t\t\t<\/div>\n\t\t\t\t<\/div>\n\t\t<div class=\"elementor-element elementor-element-6eb6d40 e-flex e-con-boxed e-con e-parent\" data-id=\"6eb6d40\" data-element_type=\"container\" data-e-type=\"container\" data-settings=\"{&quot;background_background&quot;:&quot;classic&quot;}\">\n\t\t\t\t\t<div class=\"e-con-inner\">\n\t\t\t\t<div class=\"elementor-element elementor-element-e8df628 elementor-widget-divider--view-line elementor-widget elementor-widget-divider\" data-id=\"e8df628\" data-element_type=\"widget\" data-e-type=\"widget\" data-widget_type=\"divider.default\">\n\t\t\t\t<div class=\"elementor-widget-container\">\n\t\t\t\t\t\t\t<div class=\"elementor-divider\">\n\t\t\t<span class=\"elementor-divider-separator\">\n\t\t\t\t\t\t<\/span>\n\t\t<\/div>\n\t\t\t\t\t\t<\/div>\n\t\t\t\t<\/div>\n\t\t\t\t\t<\/div>\n\t\t\t\t<\/div>\n\t\t<div class=\"elementor-element elementor-element-f457a2d e-flex e-con-boxed e-con e-parent\" data-id=\"f457a2d\" data-element_type=\"container\" data-e-type=\"container\" data-settings=\"{&quot;background_background&quot;:&quot;classic&quot;}\">\n\t\t\t\t\t<div class=\"e-con-inner\">\n\t\t<div class=\"elementor-element elementor-element-3b5731b e-con-full e-flex e-con e-child\" data-id=\"3b5731b\" data-element_type=\"container\" data-e-type=\"container\">\n\t\t\t\t<div class=\"elementor-element elementor-element-51a9953 elementor-widget elementor-widget-text-editor\" data-id=\"51a9953\" data-element_type=\"widget\" data-e-type=\"widget\" data-widget_type=\"text-editor.default\">\n\t\t\t\t<div class=\"elementor-widget-container\">\n\t\t\t\t\t\t\t\t\t<p>\u00c0 PROPOSE DE MOI\u00a0<\/p>\t\t\t\t\t\t\t\t<\/div>\n\t\t\t\t<\/div>\n\t\t\t\t<div class=\"elementor-element elementor-element-3933eae elementor-widget elementor-widget-text-editor\" data-id=\"3933eae\" data-element_type=\"widget\" data-e-type=\"widget\" data-widget_type=\"text-editor.default\">\n\t\t\t\t<div class=\"elementor-widget-container\">\n\t\t\t\t\t\t\t\t\t<p data-start=\"110\" data-end=\"324\">Je suis artiste et graphiste.<br data-start=\"139\" data-end=\"142\" \/>J\u2019accompagne des marques et projets cr\u00e9atifs sur toute la C\u00f4te d\u2019Azur, ainsi qu\u2019en France et en Europe, avec une approche sur-mesure, \u00e0 la crois\u00e9e de l\u2019esth\u00e9tique et de la strat\u00e9gie.<\/p><p data-start=\"110\" data-end=\"324\">\u00a0<\/p><p data-start=\"326\" data-end=\"484\"><strong data-start=\"326\" data-end=\"351\">Pourquoi me choisir ?<\/strong><br data-start=\"351\" data-end=\"354\" \/>Chaque projet est pour moi plus qu\u2019une simple mission : c\u2019est une opportunit\u00e9 de donner forme \u00e0 vos id\u00e9es avec style et pr\u00e9cision.<\/p><p data-start=\"486\" data-end=\"763\">Forte de 10 ans d\u2019exp\u00e9rience dans le domaine artistique, je cr\u00e9e des solutions visuelles originales, \u00e9quilibr\u00e9es et porteuses de sens.<br data-start=\"620\" data-end=\"623\" \/>Mon approche allie sens du d\u00e9tail et compr\u00e9hension de vos objectifs \u2014 pour un design \u00e0 la fois beau, fonctionnel et fid\u00e8le \u00e0 votre identit\u00e9.<\/p>\t\t\t\t\t\t\t\t<\/div>\n\t\t\t\t<\/div>\n\t\t\t\t<div class=\"elementor-element elementor-element-18de470 elementor-mobile-align-center elementor-widget elementor-widget-button\" data-id=\"18de470\" data-element_type=\"widget\" data-e-type=\"widget\" data-widget_type=\"button.default\">\n\t\t\t\t<div class=\"elementor-widget-container\">\n\t\t\t\t\t\t\t\t\t<div class=\"elementor-button-wrapper\">\n\t\t\t\t\t<a class=\"elementor-button elementor-button-link elementor-size-sm\" href=\"https:\/\/artcreativecath.com\/?page_id=1709\">\n\t\t\t\t\t\t<span class=\"elementor-button-content-wrapper\">\n\t\t\t\t\t\t\t\t\t<span class=\"elementor-button-text\">En savoir plus <\/span>\n\t\t\t\t\t<\/span>\n\t\t\t\t\t<\/a>\n\t\t\t\t<\/div>\n\t\t\t\t\t\t\t\t<\/div>\n\t\t\t\t<\/div>\n\t\t\t\t<\/div>\n\t\t<div class=\"elementor-element elementor-element-162cad4 elementor-hidden-mobile e-con-full e-flex e-con e-child\" data-id=\"162cad4\" data-element_type=\"container\" data-e-type=\"container\">\n\t\t\t\t<div class=\"elementor-element elementor-element-8aee090 elementor-widget elementor-widget-image\" data-id=\"8aee090\" data-element_type=\"widget\" data-e-type=\"widget\" data-widget_type=\"image.default\">\n\t\t\t\t<div class=\"elementor-widget-container\">\n\t\t\t\t\t\t\t\t\t\t\t\t\t\t\t<img loading=\"lazy\" decoding=\"async\" width=\"1707\" height=\"2560\" src=\"https:\/\/artcreativecath.com\/wp-content\/uploads\/2025\/01\/IMG_7051-scaled.jpg\" class=\"attachment-full size-full wp-image-2046\" alt=\"\" srcset=\"https:\/\/artcreativecath.com\/wp-content\/uploads\/2025\/01\/IMG_7051-scaled.jpg 1707w, https:\/\/artcreativecath.com\/wp-content\/uploads\/2025\/01\/IMG_7051-200x300.jpg 200w, https:\/\/artcreativecath.com\/wp-content\/uploads\/2025\/01\/IMG_7051-683x1024.jpg 683w, https:\/\/artcreativecath.com\/wp-content\/uploads\/2025\/01\/IMG_7051-768x1152.jpg 768w, https:\/\/artcreativecath.com\/wp-content\/uploads\/2025\/01\/IMG_7051-1024x1536.jpg 1024w, https:\/\/artcreativecath.com\/wp-content\/uploads\/2025\/01\/IMG_7051-1365x2048.jpg 1365w\" sizes=\"(max-width: 1707px) 100vw, 1707px\" \/>\t\t\t\t\t\t\t\t\t\t\t\t\t\t\t<\/div>\n\t\t\t\t<\/div>\n\t\t\t\t<\/div>\n\t\t\t\t\t<\/div>\n\t\t\t\t<\/div>\n\t\t<div class=\"elementor-element elementor-element-799fa3a e-flex e-con-boxed e-con e-parent\" data-id=\"799fa3a\" data-element_type=\"container\" data-e-type=\"container\" data-settings=\"{&quot;background_background&quot;:&quot;classic&quot;}\">\n\t\t\t\t\t<div class=\"e-con-inner\">\n\t\t\t\t<div class=\"elementor-element elementor-element-a21b2eb elementor-widget-divider--view-line elementor-widget elementor-widget-divider\" data-id=\"a21b2eb\" data-element_type=\"widget\" data-e-type=\"widget\" data-widget_type=\"divider.default\">\n\t\t\t\t<div class=\"elementor-widget-container\">\n\t\t\t\t\t\t\t<div class=\"elementor-divider\">\n\t\t\t<span class=\"elementor-divider-separator\">\n\t\t\t\t\t\t<\/span>\n\t\t<\/div>\n\t\t\t\t\t\t<\/div>\n\t\t\t\t<\/div>\n\t\t\t\t\t<\/div>\n\t\t\t\t<\/div>\n\t\t<div class=\"elementor-element elementor-element-16ec7fa e-flex e-con-boxed e-con e-parent\" data-id=\"16ec7fa\" data-element_type=\"container\" data-e-type=\"container\" data-settings=\"{&quot;background_background&quot;:&quot;classic&quot;}\">\n\t\t\t\t\t<div class=\"e-con-inner\">\n\t\t<div class=\"elementor-element elementor-element-d13f07f e-con-full e-flex e-con e-child\" data-id=\"d13f07f\" data-element_type=\"container\" data-e-type=\"container\">\n\t\t\t\t<div class=\"elementor-element elementor-element-ba599af elementor-widget elementor-widget-heading\" data-id=\"ba599af\" data-element_type=\"widget\" data-e-type=\"widget\" data-widget_type=\"heading.default\">\n\t\t\t\t<div class=\"elementor-widget-container\">\n\t\t\t\t\t<h1 class=\"elementor-heading-title elementor-size-default\">QUESTIONS?<\/h1>\t\t\t\t<\/div>\n\t\t\t\t<\/div>\n\t\t\t\t<div class=\"elementor-element elementor-element-03937cd elementor-widget elementor-widget-text-editor\" data-id=\"03937cd\" data-element_type=\"widget\" data-e-type=\"widget\" data-widget_type=\"text-editor.default\">\n\t\t\t\t<div class=\"elementor-widget-container\">\n\t\t\t\t\t\t\t\t\t<p>N&rsquo;h\u00e9sitez pas \u00e0 me contacter ! Je serai toujours heureuse de vous aider \u00e0 clarifier tous les d\u00e9tails. Je peux r\u00e9pondre \u00e0 toutes vos questions concernant mes \u0153uvres, les commandes ou le processus de cr\u00e9ation. Si vous avez besoin de plus d&rsquo;informations ou d&rsquo;une consultation personnalis\u00e9e, \u00e9crivez-moi et nous discuterons de tout.<\/p>\t\t\t\t\t\t\t\t<\/div>\n\t\t\t\t<\/div>\n\t\t\t\t<div class=\"elementor-element elementor-element-639a73b elementor-align-center elementor-widget elementor-widget-button\" data-id=\"639a73b\" data-element_type=\"widget\" data-e-type=\"widget\" data-widget_type=\"button.default\">\n\t\t\t\t<div class=\"elementor-widget-container\">\n\t\t\t\t\t\t\t\t\t<div class=\"elementor-button-wrapper\">\n\t\t\t\t\t<a class=\"elementor-button elementor-button-link elementor-size-sm\" href=\"https:\/\/artcreativecath.com\/?page_id=16\">\n\t\t\t\t\t\t<span class=\"elementor-button-content-wrapper\">\n\t\t\t\t\t\t\t\t\t<span class=\"elementor-button-text\">Contactez-moi <\/span>\n\t\t\t\t\t<\/span>\n\t\t\t\t\t<\/a>\n\t\t\t\t<\/div>\n\t\t\t\t\t\t\t\t<\/div>\n\t\t\t\t<\/div>\n\t\t\t\t<\/div>\n\t\t\t\t\t<\/div>\n\t\t\t\t<\/div>\n\t\t<div class=\"elementor-element elementor-element-6f7a415 e-flex e-con-boxed e-con e-parent\" data-id=\"6f7a415\" data-element_type=\"container\" data-e-type=\"container\">\n\t\t\t\t\t<div class=\"e-con-inner\">\n\t\t\t\t<div class=\"elementor-element elementor-element-cc45d7a elementor-widget-divider--view-line elementor-widget elementor-widget-divider\" data-id=\"cc45d7a\" data-element_type=\"widget\" data-e-type=\"widget\" data-widget_type=\"divider.default\">\n\t\t\t\t<div class=\"elementor-widget-container\">\n\t\t\t\t\t\t\t<div class=\"elementor-divider\">\n\t\t\t<span class=\"elementor-divider-separator\">\n\t\t\t\t\t\t<\/span>\n\t\t<\/div>\n\t\t\t\t\t\t<\/div>\n\t\t\t\t<\/div>\n\t\t\t\t\t<\/div>\n\t\t\t\t<\/div>\n\t\t<div class=\"elementor-element elementor-element-3e3c29a e-con-full e-flex e-con e-parent\" data-id=\"3e3c29a\" data-element_type=\"container\" data-e-type=\"container\" data-settings=\"{&quot;background_background&quot;:&quot;classic&quot;}\">\n\t\t\t\t<\/div>\n\t\t\t\t<\/div>\n\t\t","protected":false},"excerpt":{"rendered":"<p>ARTISTE &amp; GRAPHISTE logos, identit\u00e9s visuelles &amp; sites web sur-mesure Contacter MES SERVICES WEB DESIGN Cr\u00e9ation de sites web sur-mesure \u2014 design UX\/UI, \u00e9l\u00e9gance visuelle et navigation fluide, y compris des sites multilingues. DESIGN GRAPHIQUE Cr\u00e9ation de logos, d\u2019identit\u00e9s visuelles et de supports imprim\u00e9s sur mesure \u2014 cartes de visite, brochures, flyers et bien plus [&hellip;]<\/p>\n","protected":false},"author":1,"featured_media":0,"parent":0,"menu_order":0,"comment_status":"closed","ping_status":"closed","template":"","meta":{"site-sidebar-layout":"no-sidebar","site-content-layout":"page-builder","ast-site-content-layout":"full-width-container","site-content-style":"unboxed","site-sidebar-style":"unboxed","ast-global-header-display":"","ast-banner-title-visibility":"","ast-main-header-display":"","ast-hfb-above-header-display":"","ast-hfb-below-header-display":"","ast-hfb-mobile-header-display":"","site-post-title":"disabled","ast-breadcrumbs-content":"","ast-featured-img":"disabled","footer-sml-layout":"","ast-disable-related-posts":"","theme-transparent-header-meta":"enabled","adv-header-id-meta":"","stick-header-meta":"","header-above-stick-meta":"","header-main-stick-meta":"","header-below-stick-meta":"","astra-migrate-meta-layouts":"set","ast-page-background-enabled":"default","ast-page-background-meta":{"desktop":{"background-color":"var(--ast-global-color-4)","background-image":"","background-repeat":"repeat","background-position":"center center","background-size":"auto","background-attachment":"scroll","background-type":"","background-media":"","overlay-type":"","overlay-color":"","overlay-opacity":"","overlay-gradient":""},"tablet":{"background-color":"","background-image":"","background-repeat":"repeat","background-position":"center center","background-size":"auto","background-attachment":"scroll","background-type":"","background-media":"","overlay-type":"","overlay-color":"","overlay-opacity":"","overlay-gradient":""},"mobile":{"background-color":"","background-image":"","background-repeat":"repeat","background-position":"center center","background-size":"auto","background-attachment":"scroll","background-type":"","background-media":"","overlay-type":"","overlay-color":"","overlay-opacity":"","overlay-gradient":""}},"ast-content-background-meta":{"desktop":{"background-color":"var(--ast-global-color-5)","background-image":"","background-repeat":"repeat","background-position":"center center","background-size":"auto","background-attachment":"scroll","background-type":"","background-media":"","overlay-type":"","overlay-color":"","overlay-opacity":"","overlay-gradient":""},"tablet":{"background-color":"var(--ast-global-color-5)","background-image":"","background-repeat":"repeat","background-position":"center center","background-size":"auto","background-attachment":"scroll","background-type":"","background-media":"","overlay-type":"","overlay-color":"","overlay-opacity":"","overlay-gradient":""},"mobile":{"background-color":"var(--ast-global-color-5)","background-image":"","background-repeat":"repeat","background-position":"center center","background-size":"auto","background-attachment":"scroll","background-type":"","background-media":"","overlay-type":"","overlay-color":"","overlay-opacity":"","overlay-gradient":""}},"footnotes":""},"class_list":["post-11","page","type-page","status-publish","hentry"],"_links":{"self":[{"href":"https:\/\/artcreativecath.com\/index.php?rest_route=\/wp\/v2\/pages\/11","targetHints":{"allow":["GET"]}}],"collection":[{"href":"https:\/\/artcreativecath.com\/index.php?rest_route=\/wp\/v2\/pages"}],"about":[{"href":"https:\/\/artcreativecath.com\/index.php?rest_route=\/wp\/v2\/types\/page"}],"author":[{"embeddable":true,"href":"https:\/\/artcreativecath.com\/index.php?rest_route=\/wp\/v2\/users\/1"}],"replies":[{"embeddable":true,"href":"https:\/\/artcreativecath.com\/index.php?rest_route=%2Fwp%2Fv2%2Fcomments&post=11"}],"version-history":[{"count":443,"href":"https:\/\/artcreativecath.com\/index.php?rest_route=\/wp\/v2\/pages\/11\/revisions"}],"predecessor-version":[{"id":5722,"href":"https:\/\/artcreativecath.com\/index.php?rest_route=\/wp\/v2\/pages\/11\/revisions\/5722"}],"wp:attachment":[{"href":"https:\/\/artcreativecath.com\/index.php?rest_route=%2Fwp%2Fv2%2Fmedia&parent=11"}],"curies":[{"name":"wp","href":"https:\/\/api.w.org\/{rel}","templated":true}]}}